{"id":296,"date":"2024-02-23T19:31:26","date_gmt":"2024-02-23T22:31:26","guid":{"rendered":"https:\/\/www.viveconsentidos.com\/new\/alumnas-copy\/"},"modified":"2024-03-11T20:14:16","modified_gmt":"2024-03-11T23:14:16","slug":"crear-tu-propio-mapha","status":"publish","type":"page","link":"https:\/\/www.viveconsentidos.com\/new\/crear-tu-propio-mapha\/","title":{"rendered":"CREAR TU PROPIO MAPHA"},"content":{"rendered":"<p>[et_pb_section fb_built=&#8221;1&#8243; admin_label=&#8221;Hero&#8221; _builder_version=&#8221;4.15.1&#8243; background_image=&#8221;https:\/\/www.viveconsentidos.com\/new\/wp-content\/uploads\/2024\/02\/vive-con-sentidos-alumnas.jpg&#8221; custom_padding=&#8221;0px|0px|453px|0px||&#8221; animation_style=&#8221;zoom&#8221; animation_intensity_zoom=&#8221;4%&#8221; global_colors_info=&#8221;{}&#8221;][et_pb_row _builder_version=&#8221;4.15.1&#8243; _module_preset=&#8221;default&#8221; global_colors_info=&#8221;{}&#8221;][et_pb_column type=&#8221;4_4&#8243; _builder_version=&#8221;4.15.1&#8243; _module_preset=&#8221;default&#8221; global_colors_info=&#8221;{}&#8221;][et_pb_text _builder_version=&#8221;4.15.1&#8243; _module_preset=&#8221;default&#8221; text_font=&#8221;Poppins|700||on|||||&#8221; text_text_color=&#8221;#000000&#8243; text_font_size=&#8221;58px&#8221; text_text_shadow_style=&#8221;preset2&#8243; global_colors_info=&#8221;{}&#8221;]<\/p>\n<p style=\"text-align: center;\">Crea tu propio MHAPA<\/p>\n<p>[\/et_pb_text][\/et_pb_column][\/et_pb_row][\/et_pb_section][et_pb_section fb_built=&#8221;1&#8243; _builder_version=&#8221;4.16&#8243; _module_preset=&#8221;default&#8221; locked=&#8221;off&#8221; global_colors_info=&#8221;{}&#8221;][et_pb_row _builder_version=&#8221;4.16&#8243; _module_preset=&#8221;default&#8221; global_colors_info=&#8221;{}&#8221;][et_pb_column type=&#8221;4_4&#8243; _builder_version=&#8221;4.16&#8243; _module_preset=&#8221;default&#8221; global_colors_info=&#8221;{}&#8221;][et_pb_text _builder_version=&#8221;4.16&#8243; _module_preset=&#8221;default&#8221; text_font=&#8221;Poppins||||||||&#8221; header_2_font=&#8221;Poppins|||||on|||&#8221; module_alignment=&#8221;center&#8221; border_width_all=&#8221;0px&#8221; global_colors_info=&#8221;{}&#8221;]<\/p>\n<h2 style=\"text-align: center;\"><span style=\"color: #000000;\"><strong>Mindset<\/strong><\/span><\/h2>\n<p style=\"text-align: center;\"><span style=\"font-weight: 400; color: #000000;\">Entrena tu mentalidad para conseguir tus metas.&nbsp;<\/span><\/p>\n<p style=\"text-align: center;\"><span style=\"font-weight: 400; color: #000000;\">El objetivo es que la estudiante desarrolle una mentalidad de crecimiento, abierta y receptiva, motiv\u00e1ndolas a actuar a pesar del miedo y fomentando una mentalidad orientada a la acci\u00f3n.<\/span><\/p>\n<p>[\/et_pb_text][\/et_pb_column][\/et_pb_row][et_pb_row _builder_version=&#8221;4.16&#8243; _module_preset=&#8221;default&#8221; custom_padding=&#8221;17px|||||&#8221; global_colors_info=&#8221;{}&#8221;][et_pb_column type=&#8221;4_4&#8243; _builder_version=&#8221;4.16&#8243; _module_preset=&#8221;default&#8221; global_colors_info=&#8221;{}&#8221;][et_pb_code _builder_version=&#8221;4.16&#8243; _module_preset=&#8221;default&#8221; box_shadow_style=&#8221;preset6&#8243; box_shadow_color=&#8221;#f76394&#8243; global_colors_info=&#8221;{}&#8221;]<iframe loading=\"lazy\" title=\"1. Mindset\" src=\"https:\/\/player.vimeo.com\/video\/814074660?h=d344d6ac41&#038;badge=0&#038;autopause=0&#038;player_id=0&#038;app_id=58479\" width=\"1152\" height=\"720\" frameborder=\"0\" allowfullscreen=\"allowfullscreen\"><\/iframe>[\/et_pb_code][et_pb_button button_url=&#8221;https:\/\/www.icloud.com\/iclouddrive\/03e-WUaYOVYxpb_tzvS2PKDTg#Practica_Dialogo_Interno&#8221; url_new_window=&#8221;on&#8221; button_text=&#8221;DialogoInterno.PDF&#8221; _builder_version=&#8221;4.15.1&#8243; _module_preset=&#8221;default&#8221; custom_button=&#8221;on&#8221; button_text_size=&#8221;15px&#8221; button_bg_use_color_gradient=&#8221;on&#8221; button_bg_color_gradient_start=&#8221;#F76394&#8243; button_bg_color_gradient_end=&#8221;rgba(247,99,144,0.42)&#8221; button_bg_color_gradient_direction=&#8221;171deg&#8221; button_border_color=&#8221;rgba(0,0,0,0)&#8221; button_font=&#8221;||||||||&#8221; button_icon=&#8221;&#x3f;||divi||400&#8243; button_rel=&#8221;off|off|off|off|off&#8221; background_layout=&#8221;dark&#8221; custom_margin=&#8221;14px||7px|||&#8221; animation_style=&#8221;fade&#8221; hover_enabled=&#8221;0&#8243; button_text_shadow_style=&#8221;preset2&#8243; global_colors_info=&#8221;{}&#8221; button_text_color=&#8221;#F76394&#8243; sticky_enabled=&#8221;0&#8243;][\/et_pb_button][et_pb_button button_url=&#8221;https:\/\/www.icloud.com\/iclouddrive\/0deSlDdzGXzOCa-6XYET9AMsw#Practica_GPP&#8221; url_new_window=&#8221;on&#8221; button_text=&#8221;GPP.PDF&#8221; _builder_version=&#8221;4.16&#8243; _module_preset=&#8221;default&#8221; custom_button=&#8221;on&#8221; button_text_size=&#8221;15px&#8221; button_bg_use_color_gradient=&#8221;on&#8221; button_bg_color_gradient_start=&#8221;#F76394&#8243; button_bg_color_gradient_end=&#8221;rgba(247,99,144,0.42)&#8221; button_bg_color_gradient_direction=&#8221;171deg&#8221; button_border_color=&#8221;rgba(0,0,0,0)&#8221; button_font=&#8221;||||||||&#8221; button_icon=&#8221;&#x3f;||divi||400&#8243; button_rel=&#8221;off|off|off|off|off&#8221; background_layout=&#8221;dark&#8221; custom_margin=&#8221;14px||7px|||&#8221; animation_style=&#8221;fade&#8221; button_text_shadow_style=&#8221;preset2&#8243; global_colors_info=&#8221;{}&#8221;][\/et_pb_button][et_pb_text _builder_version=&#8221;4.16&#8243; _module_preset=&#8221;default&#8221; text_font=&#8221;Poppins||||||||&#8221; header_2_font=&#8221;Poppins|||||on|||&#8221; module_alignment=&#8221;center&#8221; custom_padding=&#8221;13px|||||&#8221; border_width_all=&#8221;0px&#8221; global_colors_info=&#8221;{}&#8221;]<\/p>\n<h2 style=\"text-align: center;\"><span style=\"color: #000000;\"><strong>Heartset<\/strong><\/span><\/h2>\n<p><span style=\"font-weight: 400; color: #000000;\"><\/span><\/p>\n<p><span style=\"font-weight: 400; color: #000000;\">&#8220;El heartset es la actitud del coraz\u00f3n, la forma en que decidimos sentir, pensar y actuar en relaci\u00f3n con nosotras mismas y con los dem\u00e1s&#8221;.<\/span><\/p>\n<p><span style=\"font-weight: 400; color: #000000;\">El objetivo de esta unidad es que aprendas a gestionar tus emociones y a desarrollar una actitud m\u00e1s emp\u00e1tica y compasiva hacia t\u00ed mismas y hacia los dem\u00e1s.<\/span><\/p>\n<p>[\/et_pb_text][et_pb_code _builder_version=&#8221;4.16&#8243; _module_preset=&#8221;default&#8221; box_shadow_style=&#8221;preset6&#8243; box_shadow_color=&#8221;#f76394&#8243; global_colors_info=&#8221;{}&#8221;]<iframe loading=\"lazy\" src=\"https:\/\/player.vimeo.com\/video\/815921135?h=4ee934d4c2\" width=\"640\" height=\"400\" frameborder=\"0\" allow=\"autoplay; fullscreen; picture-in-picture\" allowfullscreen><\/iframe>[\/et_pb_code][et_pb_button button_url=&#8221;https:\/\/www.icloud.com\/iclouddrive\/026XMTJf1249_lhSbxnVKk5lg#Daily_Journal_-_Ritual_Matutino&#8221; url_new_window=&#8221;on&#8221; button_text=&#8221;Daily Journal.PDF&#8221; _builder_version=&#8221;4.16&#8243; _module_preset=&#8221;default&#8221; custom_button=&#8221;on&#8221; button_text_size=&#8221;15px&#8221; button_bg_use_color_gradient=&#8221;on&#8221; button_bg_color_gradient_start=&#8221;#F76394&#8243; button_bg_color_gradient_end=&#8221;rgba(247,99,144,0.42)&#8221; button_bg_color_gradient_direction=&#8221;171deg&#8221; button_border_color=&#8221;rgba(0,0,0,0)&#8221; button_font=&#8221;||||||||&#8221; button_icon=&#8221;&#x3f;||divi||400&#8243; button_rel=&#8221;off|off|off|off|off&#8221; background_layout=&#8221;dark&#8221; custom_margin=&#8221;14px||7px|||&#8221; animation_style=&#8221;fade&#8221; button_text_shadow_style=&#8221;preset2&#8243; global_colors_info=&#8221;{}&#8221;][\/et_pb_button][et_pb_button button_url=&#8221;https:\/\/www.icloud.com\/iclouddrive\/06733Dq5v_ozKCvSQNCRDJw2A#Habitos2023&#8243; url_new_window=&#8221;on&#8221; button_text=&#8221;Habitos.PDF&#8221; _builder_version=&#8221;4.16&#8243; _module_preset=&#8221;default&#8221; custom_button=&#8221;on&#8221; button_text_size=&#8221;15px&#8221; button_bg_use_color_gradient=&#8221;on&#8221; button_bg_color_gradient_start=&#8221;#F76394&#8243; button_bg_color_gradient_end=&#8221;rgba(247,99,144,0.42)&#8221; button_bg_color_gradient_direction=&#8221;171deg&#8221; button_border_color=&#8221;rgba(0,0,0,0)&#8221; button_font=&#8221;||||||||&#8221; button_icon=&#8221;&#x3f;||divi||400&#8243; button_rel=&#8221;off|off|off|off|off&#8221; background_layout=&#8221;dark&#8221; custom_margin=&#8221;14px||7px|||&#8221; animation_style=&#8221;fade&#8221; button_text_shadow_style=&#8221;preset2&#8243; global_colors_info=&#8221;{}&#8221;][\/et_pb_button][et_pb_button button_url=&#8221;https:\/\/www.icloud.com\/iclouddrive\/02faUMS48LAc59gO6ZrVYi15g#Cheklist&#8221; url_new_window=&#8221;on&#8221; button_text=&#8221;Chek list.PDF&#8221; _builder_version=&#8221;4.16&#8243; _module_preset=&#8221;default&#8221; custom_button=&#8221;on&#8221; button_text_size=&#8221;15px&#8221; button_bg_use_color_gradient=&#8221;on&#8221; button_bg_color_gradient_start=&#8221;#F76394&#8243; button_bg_color_gradient_end=&#8221;rgba(247,99,144,0.42)&#8221; button_bg_color_gradient_direction=&#8221;171deg&#8221; button_border_color=&#8221;rgba(0,0,0,0)&#8221; button_font=&#8221;||||||||&#8221; button_icon=&#8221;&#x3f;||divi||400&#8243; button_rel=&#8221;off|off|off|off|off&#8221; background_layout=&#8221;dark&#8221; custom_margin=&#8221;14px||7px|||&#8221; animation_style=&#8221;fade&#8221; button_text_shadow_style=&#8221;preset2&#8243; global_colors_info=&#8221;{}&#8221;][\/et_pb_button][et_pb_text _builder_version=&#8221;4.16&#8243; _module_preset=&#8221;default&#8221; text_font=&#8221;Poppins||||||||&#8221; header_2_font=&#8221;Poppins|||||on|||&#8221; module_alignment=&#8221;center&#8221; custom_padding=&#8221;13px|||||&#8221; border_width_all=&#8221;0px&#8221; global_colors_info=&#8221;{}&#8221;]<\/p>\n<h2 style=\"text-align: center;\"><span style=\"color: #000000;\"><strong>Awaken<\/strong><\/span><\/h2>\n<p style=\"text-align: center;\"><span style=\"font-weight: 300; color: #000000;\">&#8220;Ten el coraje de seguir a tu coraz\u00f3n y tu intuici\u00f3n, ellos de alguna manera ya saben lo que realmente quieres ser&#8221;. Steve Jobs<\/span><\/p>\n<p style=\"text-align: center;\"><span style=\"color: #000000;\"><span style=\"font-weight: 300;\">El objetivo es que descubras<\/span><span style=\"font-weight: 500;\"> tu propia voz,<\/span><span style=\"font-weight: 300;\"> cu\u00e1les son tus <\/span><span style=\"font-weight: 500;\">valores, pasiones<\/span><span style=\"font-weight: 300;\"> y <\/span><span style=\"font-weight: 500;\">deseos del alma,<\/span><span style=\"font-weight: 300;\"> que identifiques tus <\/span><span style=\"font-weight: 500;\">talentos y habilidades.<\/span><\/span><\/p>\n<p>[\/et_pb_text][et_pb_code _builder_version=&#8221;4.16&#8243; _module_preset=&#8221;default&#8221; box_shadow_style=&#8221;preset6&#8243; box_shadow_color=&#8221;#f76394&#8243; global_colors_info=&#8221;{}&#8221;]<iframe loading=\"lazy\" src=\"https:\/\/player.vimeo.com\/video\/818006600?h=1893d8fa74&#038;title=0&#038;byline=0&#038;portrait=0&#038;speed=0&#038;badge=0&#038;autopause=0&#038;player_id=0&#038;app_id=58479\" width=\"1152\" height=\"720\" frameborder=\"0\" allow=\"autoplay; fullscreen; picture-in-picture\" allowfullscreen title=\"AWAKEN\"><\/iframe>[\/et_pb_code][et_pb_button button_url=&#8221;https:\/\/www.icloud.com\/iclouddrive\/075aTy5eKofW64ohZwYehB-Tg#Workbook-Awaken_&#8221; url_new_window=&#8221;on&#8221; button_text=&#8221;Workbook Awaken.PDF&#8221; _builder_version=&#8221;4.16&#8243; _module_preset=&#8221;default&#8221; custom_button=&#8221;on&#8221; button_text_size=&#8221;15px&#8221; button_bg_use_color_gradient=&#8221;on&#8221; button_bg_color_gradient_start=&#8221;#F76394&#8243; button_bg_color_gradient_end=&#8221;rgba(247,99,144,0.42)&#8221; button_bg_color_gradient_direction=&#8221;171deg&#8221; button_border_color=&#8221;rgba(0,0,0,0)&#8221; button_font=&#8221;||||||||&#8221; button_icon=&#8221;&#x3f;||divi||400&#8243; button_rel=&#8221;off|off|off|off|off&#8221; background_layout=&#8221;dark&#8221; custom_margin=&#8221;14px||7px|||&#8221; animation_style=&#8221;fade&#8221; button_text_shadow_style=&#8221;preset2&#8243; global_colors_info=&#8221;{}&#8221;][\/et_pb_button][et_pb_text _builder_version=&#8221;4.16&#8243; _module_preset=&#8221;default&#8221; text_font=&#8221;Poppins||||||||&#8221; header_2_font=&#8221;Poppins|||||on|||&#8221; module_alignment=&#8221;center&#8221; custom_padding=&#8221;13px|||||&#8221; border_width_all=&#8221;0px&#8221; global_colors_info=&#8221;{}&#8221;]<\/p>\n<h2 style=\"text-align: center;\"><span style=\"color: #000000;\"><strong><span style=\"font-weight: 400;\">Purpose<\/span><\/strong><\/span><\/h2>\n<p><span style=\"font-weight: 400; color: #000000;\"><\/span><\/p>\n<p style=\"text-align: center;\"><span style=\"font-weight: 400; color: #000000;\"><span>\u201cNo hay viento favorable, para quien no sabe a d\u00f3nde va\u201d\u00a0 S\u00e9neca.<\/span><\/span><\/p>\n<p><span style=\"font-weight: 300;\">El objetivo es que conectes con tu prop\u00f3sito de vida, para tener un mayor sentido de direcci\u00f3n, motivaci\u00f3n y realizaci\u00f3n, as\u00ed como la oportunidad de generar un impacto positivo en el mundo que te rodea.<\/span><\/p>\n<p>[\/et_pb_text][et_pb_code _builder_version=&#8221;4.16&#8243; _module_preset=&#8221;default&#8221; box_shadow_style=&#8221;preset6&#8243; box_shadow_color=&#8221;#f76394&#8243; global_colors_info=&#8221;{}&#8221;]<iframe loading=\"lazy\" src=\"https:\/\/player.vimeo.com\/video\/820366801?h=00deb72dc1&#038;badge=0&#038;autopause=0&#038;player_id=0&#038;app_id=58479\" width=\"1152\" height=\"720\" frameborder=\"0\" allow=\"autoplay; fullscreen; picture-in-picture\" allowfullscreen title=\"PURPOSE\"><\/iframe>[\/et_pb_code][et_pb_button button_url=&#8221;https:\/\/www.icloud.com\/iclouddrive\/00c8RLlbKUaxkUZfPV1xBQBpQ#Workbook_PURPOSE&#8221; url_new_window=&#8221;on&#8221; button_text=&#8221;Workbook Purpose.PDF&#8221; _builder_version=&#8221;4.16&#8243; _module_preset=&#8221;default&#8221; custom_button=&#8221;on&#8221; button_text_size=&#8221;15px&#8221; button_bg_use_color_gradient=&#8221;on&#8221; button_bg_color_gradient_start=&#8221;#F76394&#8243; button_bg_color_gradient_end=&#8221;rgba(247,99,144,0.42)&#8221; button_bg_color_gradient_direction=&#8221;171deg&#8221; button_border_color=&#8221;rgba(0,0,0,0)&#8221; button_font=&#8221;||||||||&#8221; button_icon=&#8221;&#x3f;||divi||400&#8243; button_rel=&#8221;off|off|off|off|off&#8221; background_layout=&#8221;dark&#8221; custom_margin=&#8221;14px||7px|||&#8221; animation_style=&#8221;fade&#8221; button_text_shadow_style=&#8221;preset2&#8243; global_colors_info=&#8221;{}&#8221;][\/et_pb_button][et_pb_text _builder_version=&#8221;4.16&#8243; _module_preset=&#8221;default&#8221; text_font=&#8221;Poppins||||||||&#8221; header_2_font=&#8221;Poppins|||||on|||&#8221; module_alignment=&#8221;center&#8221; custom_padding=&#8221;13px|||||&#8221; border_width_all=&#8221;0px&#8221; global_colors_info=&#8221;{}&#8221;]<\/p>\n<h2 style=\"text-align: center;\"><span color=\"#000000\" style=\"color: #000000;\"><span style=\"font-weight: 400;\">Achieve<\/span><\/span><\/h2>\n<p><span style=\"font-weight: 400; color: #000000;\"><\/span><\/p>\n<p style=\"text-align: center;\"><span style=\"font-weight: 400; color: #000000;\"><span>&#8220;Un plan de acci\u00f3n bien estructurado es la br\u00fajula que gu\u00eda nuestros pasos hacia la realizaci\u00f3n de nuestros objetivos y prop\u00f3sito de vida.&#8221;<\/span><\/span><\/p>\n<p>[\/et_pb_text][et_pb_code _builder_version=&#8221;4.16&#8243; _module_preset=&#8221;default&#8221; box_shadow_style=&#8221;preset6&#8243; box_shadow_color=&#8221;#f76394&#8243; global_colors_info=&#8221;{}&#8221;]<iframe loading=\"lazy\" src=\"https:\/\/player.vimeo.com\/video\/822380953?h=eee3cfcffc&#038;badge=0&#038;autopause=0&#038;player_id=0&#038;app_id=58479\" width=\"1152\" height=\"720\" frameborder=\"0\" allow=\"autoplay; fullscreen; picture-in-picture\" allowfullscreen title=\"video1891238255\"><\/iframe>[\/et_pb_code][et_pb_code _builder_version=&#8221;4.16&#8243; _module_preset=&#8221;default&#8221; global_colors_info=&#8221;{}&#8221;][\/et_pb_code][\/et_pb_column][\/et_pb_row][\/et_pb_section][et_pb_section fb_built=&#8221;1&#8243; admin_label=&#8221;Quote Section&#8221; _builder_version=&#8221;4.16&#8243; custom_margin=&#8221;40px||18px|||&#8221; custom_padding=&#8221;||25px|||&#8221; locked=&#8221;off&#8221; global_colors_info=&#8221;{}&#8221;][et_pb_row admin_label=&#8221;Quote&#8221; _builder_version=&#8221;4.16&#8243; global_colors_info=&#8221;{}&#8221;][et_pb_column type=&#8221;4_4&#8243; _builder_version=&#8221;4.16&#8243; custom_padding=&#8221;|||&#8221; global_colors_info=&#8221;{}&#8221; custom_padding__hover=&#8221;|||&#8221;][et_pb_text admin_label=&#8221;Quote&#8221; _builder_version=&#8221;4.22.1&#8243; text_font=&#8221;Poppins|600||||on|||&#8221; text_text_color=&#8221;#000000&#8243; text_font_size=&#8221;28px&#8221; text_line_height=&#8221;1.8em&#8221; text_orientation=&#8221;center&#8221; max_width=&#8221;731px&#8221; module_alignment=&#8221;center&#8221; custom_margin=&#8221;|170px||195px||&#8221; animation_style=&#8221;flip&#8221; animation_direction=&#8221;top&#8221; animation_intensity_flip=&#8221;20%&#8221; global_colors_info=&#8221;{}&#8221;]<span>&#8220;Tu legado no se mide por lo que posees, sino por las vidas que tocas y las huellas que dejas en el coraz\u00f3n de los dem\u00e1s.&#8221;<\/span>[\/et_pb_text][\/et_pb_column][\/et_pb_row][\/et_pb_section][et_pb_section fb_built=&#8221;1&#8243; admin_label=&#8221;Contact Form Section&#8221; _builder_version=&#8221;4.16&#8243; background_color=&#8221;#f76394&#8243; custom_padding=&#8221;44px||25px|||&#8221; animation_style=&#8221;zoom&#8221; animation_direction=&#8221;bottom&#8221; animation_intensity_zoom=&#8221;10%&#8221; saved_tabs=&#8221;all&#8221; locked=&#8221;off&#8221; global_colors_info=&#8221;{}&#8221;][et_pb_row admin_label=&#8221;Service Section Title&#8221; _builder_version=&#8221;4.16&#8243; custom_margin=&#8221;||40px|&#8221; animation_style=&#8221;fade&#8221; animation_direction=&#8221;top&#8221; locked=&#8221;off&#8221; global_colors_info=&#8221;{}&#8221;][et_pb_column type=&#8221;4_4&#8243; _builder_version=&#8221;4.16&#8243; custom_padding=&#8221;|||&#8221; global_colors_info=&#8221;{}&#8221; custom_padding__hover=&#8221;|||&#8221;][et_pb_text admin_label=&#8221;Title&#8221; _builder_version=&#8221;4.16&#8243; text_font=&#8221;Montserrat||||||||&#8221; text_text_color=&#8221;#747d88&#8243; text_font_size=&#8221;16px&#8221; text_line_height=&#8221;1.9em&#8221; header_font=&#8221;||||||||&#8221; header_2_font=&#8221;Poppins|700||on|||||&#8221; header_2_font_size=&#8221;42px&#8221; header_2_line_height=&#8221;1.3em&#8221; background_size=&#8221;initial&#8221; background_position=&#8221;top_left&#8221; background_repeat=&#8221;repeat&#8221; text_orientation=&#8221;center&#8221; max_width=&#8221;700px&#8221; module_alignment=&#8221;center&#8221; animation_style=&#8221;slide&#8221; animation_direction=&#8221;bottom&#8221; animation_intensity_slide=&#8221;4%&#8221; global_colors_info=&#8221;{}&#8221;]<\/p>\n<h2><span style=\"color: #000000\">Nuestros<\/span>\u00a0<span style=\"color: #fff\">Valores<\/span><\/h2>\n<p>[\/et_pb_text][et_pb_text admin_label=&#8221;Subtitle&#8221; _builder_version=&#8221;4.16&#8243; text_font=&#8221;Poppins|300|||||||&#8221; text_text_color=&#8221;#000000&#8243; text_font_size=&#8221;16px&#8221; text_line_height=&#8221;1.8em&#8221; header_font=&#8221;||||||||&#8221; background_size=&#8221;initial&#8221; background_position=&#8221;top_left&#8221; background_repeat=&#8221;repeat&#8221; text_orientation=&#8221;center&#8221; max_width=&#8221;700px&#8221; module_alignment=&#8221;center&#8221; custom_margin=&#8221;|||&#8221; animation_style=&#8221;slide&#8221; animation_direction=&#8221;bottom&#8221; animation_delay=&#8221;100ms&#8221; animation_intensity_slide=&#8221;4%&#8221; global_colors_info=&#8221;{}&#8221;]<span>Son los pilares que gu\u00edan tus decisiones y acciones.\u00a0<\/span><span style=\"font-size: 16px\">Eres la suma de tus valores<\/span>[\/et_pb_text][\/et_pb_column][\/et_pb_row][et_pb_row column_structure=&#8221;1_5,1_5,1_5,1_5,1_5&#8243; admin_label=&#8221;Contact Form&#8221; _builder_version=&#8221;4.16&#8243; custom_margin=&#8221;-9px|auto||auto||&#8221; animation_style=&#8221;fade&#8221; global_colors_info=&#8221;{}&#8221;][et_pb_column type=&#8221;1_5&#8243; _builder_version=&#8221;4.16&#8243; custom_padding=&#8221;|||&#8221; global_colors_info=&#8221;{}&#8221; custom_padding__hover=&#8221;|||&#8221;][et_pb_blurb title=&#8221;Autenticidad&#8221; use_icon=&#8221;on&#8221; font_icon=&#8221;&#xe033;||divi||400&#8243; icon_color=&#8221;#ffffff&#8221; _builder_version=&#8221;4.16&#8243; _module_preset=&#8221;default&#8221; header_font=&#8221;Poppins|600|||||||&#8221; header_text_align=&#8221;center&#8221; header_text_color=&#8221;#000000&#8243; body_font=&#8221;Poppins||||||||&#8221; body_text_align=&#8221;center&#8221; body_text_color=&#8221;#ffffff&#8221; custom_padding=&#8221;|0px||||&#8221; body_text_shadow_style=&#8221;preset5&#8243; body_text_shadow_color=&#8221;#000000&#8243; global_colors_info=&#8221;{}&#8221;]<\/p>\n<p style=\"text-align: center\"><span>Fomentamos el amor propio y la autenticidad en cada mujer. L<\/span><span style=\"font-size: 14px\">a base del cambio comienza con el autoconocimiento y la aceptaci\u00f3n de quienes somos realmente.<\/span><\/p>\n<p>[\/et_pb_blurb][\/et_pb_column][et_pb_column type=&#8221;1_5&#8243; _builder_version=&#8221;4.16&#8243; _module_preset=&#8221;default&#8221; global_colors_info=&#8221;{}&#8221;][et_pb_blurb title=&#8221;Empoderamiento&#8221; use_icon=&#8221;on&#8221; font_icon=&#8221;&#xe030;||divi||400&#8243; icon_color=&#8221;#ffffff&#8221; _builder_version=&#8221;4.16&#8243; _module_preset=&#8221;default&#8221; header_font=&#8221;Poppins|600|||||||&#8221; header_text_align=&#8221;center&#8221; header_text_color=&#8221;#000000&#8243; body_font=&#8221;Poppins||||||||&#8221; body_text_align=&#8221;center&#8221; body_text_color=&#8221;#ffffff&#8221; body_text_shadow_style=&#8221;preset5&#8243; body_text_shadow_color=&#8221;#000000&#8243; global_colors_info=&#8221;{}&#8221;]<\/p>\n<p style=\"text-align: center\"><span>Empoderamos a las mujeres a trav\u00e9s de la libertad de explorar sus talentos y aspiraciones. <\/span><\/p>\n<p>[\/et_pb_blurb][\/et_pb_column][et_pb_column type=&#8221;1_5&#8243; _builder_version=&#8221;4.16&#8243; _module_preset=&#8221;default&#8221; global_colors_info=&#8221;{}&#8221;][et_pb_blurb title=&#8221;Impacto Social&#8221; use_icon=&#8221;on&#8221; font_icon=&#8221;&#xe102;||divi||400&#8243; icon_color=&#8221;#ffffff&#8221; _builder_version=&#8221;4.16&#8243; _module_preset=&#8221;default&#8221; header_font=&#8221;Poppins|600|||||||&#8221; header_text_align=&#8221;center&#8221; header_text_color=&#8221;#000000&#8243; body_font=&#8221;Poppins||||||||&#8221; body_text_align=&#8221;center&#8221; body_text_color=&#8221;#ffffff&#8221; body_text_shadow_style=&#8221;preset5&#8243; body_text_shadow_color=&#8221;#000000&#8243; global_colors_info=&#8221;{}&#8221;]<\/p>\n<p style=\"text-align: center\"><span>Guiamos a las mujeres para que, al conectar con su prop\u00f3sito, puedan contribuir al cambio que desean ver en el mundo.<\/span><\/p>\n<p>[\/et_pb_blurb][\/et_pb_column][et_pb_column type=&#8221;1_5&#8243; _builder_version=&#8221;4.16&#8243; _module_preset=&#8221;default&#8221; global_colors_info=&#8221;{}&#8221;][et_pb_blurb title=&#8221;Innovaci\u00f3n Personal&#8221; use_icon=&#8221;on&#8221; font_icon=&#8221;&#xe007;||divi||400&#8243; icon_color=&#8221;#ffffff&#8221; _builder_version=&#8221;4.16&#8243; _module_preset=&#8221;default&#8221; header_font=&#8221;Poppins|600|||||||&#8221; header_text_align=&#8221;center&#8221; header_text_color=&#8221;#000000&#8243; body_font=&#8221;Poppins||||||||&#8221; body_text_align=&#8221;center&#8221; body_text_color=&#8221;#ffffff&#8221; body_text_shadow_style=&#8221;preset5&#8243; body_text_shadow_color=&#8221;#000000&#8243; global_colors_info=&#8221;{}&#8221;]<\/p>\n<p style=\"text-align: center\"><span>Impulsamos su desarrollo tanto personal como profesional.<\/span><\/p>\n<p>[\/et_pb_blurb][\/et_pb_column][et_pb_column type=&#8221;1_5&#8243; _builder_version=&#8221;4.16&#8243; custom_padding=&#8221;|||&#8221; global_colors_info=&#8221;{}&#8221; custom_padding__hover=&#8221;|||&#8221;][et_pb_blurb title=&#8221;Resiliencia&#8221; use_icon=&#8221;on&#8221; font_icon=&#8221;&#xe02a;||divi||400&#8243; icon_color=&#8221;#ffffff&#8221; _builder_version=&#8221;4.16&#8243; _module_preset=&#8221;default&#8221; header_font=&#8221;Poppins|600|||||||&#8221; header_text_align=&#8221;center&#8221; header_text_color=&#8221;#000000&#8243; body_font=&#8221;Poppins||||||||&#8221; body_text_align=&#8221;center&#8221; body_text_color=&#8221;#ffffff&#8221; body_text_shadow_style=&#8221;preset5&#8243; body_text_shadow_color=&#8221;#000000&#8243; global_colors_info=&#8221;{}&#8221;]<\/p>\n<p style=\"text-align: center\"><span>Capacidad para adaptarse y recuperarse frente a desaf\u00edos\u00a0y crecer a trav\u00e9s de la experiencia.<\/span><\/p>\n<p>[\/et_pb_blurb][\/et_pb_column][\/et_pb_row][\/et_pb_section]<\/p>\n","protected":false},"excerpt":{"rendered":"<p>Crea tu propio MHAPAMindset Entrena tu mentalidad para conseguir tus metas.&nbsp; El objetivo es que la estudiante desarrolle una mentalidad de crecimiento, abierta y receptiva, motiv\u00e1ndolas a actuar a pesar del miedo y fomentando una mentalidad orientada a la acci\u00f3n.Heartset &#8220;El heartset es la actitud del coraz\u00f3n, la forma en que decidimos sentir, pensar y [&hellip;]<\/p>\n","protected":false},"author":1,"featured_media":0,"parent":0,"menu_order":0,"comment_status":"closed","ping_status":"open","template":"page-with-login.php","meta":{"_et_pb_use_builder":"on","_et_pb_old_content":"","_et_gb_content_width":"","om_disable_all_campaigns":false,"_monsterinsights_skip_tracking":false,"_monsterinsights_sitenote_active":false,"_monsterinsights_sitenote_note":"","_monsterinsights_sitenote_category":0,"footnotes":""},"aioseo_notices":[],"_links":{"self":[{"href":"https:\/\/www.viveconsentidos.com\/new\/wp-json\/wp\/v2\/pages\/296"}],"collection":[{"href":"https:\/\/www.viveconsentidos.com\/new\/wp-json\/wp\/v2\/pages"}],"about":[{"href":"https:\/\/www.viveconsentidos.com\/new\/wp-json\/wp\/v2\/types\/page"}],"author":[{"embeddable":true,"href":"https:\/\/www.viveconsentidos.com\/new\/wp-json\/wp\/v2\/users\/1"}],"replies":[{"embeddable":true,"href":"https:\/\/www.viveconsentidos.com\/new\/wp-json\/wp\/v2\/comments?post=296"}],"version-history":[{"count":5,"href":"https:\/\/www.viveconsentidos.com\/new\/wp-json\/wp\/v2\/pages\/296\/revisions"}],"predecessor-version":[{"id":409,"href":"https:\/\/www.viveconsentidos.com\/new\/wp-json\/wp\/v2\/pages\/296\/revisions\/409"}],"wp:attachment":[{"href":"https:\/\/www.viveconsentidos.com\/new\/wp-json\/wp\/v2\/media?parent=296"}],"curies":[{"name":"wp","href":"https:\/\/api.w.org\/{rel}","templated":true}]}}